{"id":9,"date":"2019-04-25T22:42:33","date_gmt":"2019-04-25T22:42:33","guid":{"rendered":"https:\/?page_id=9"},"modified":"2019-04-25T23:09:46","modified_gmt":"2019-04-25T23:09:46","slug":"about","status":"publish","type":"page","link":"https:\/\/splara.com.mx\/?page_id=9","title":{"rendered":"\u00bfC\u00f3mo te ayudamos?"},"content":{"rendered":"<p>As\u00ed que, \u00bfC\u00f3mo podemos ayudar a tu negocio? Nuestros principales servicios est\u00e1n enfocados en la base del crecimiento sustentable: Rentabilidad y Flujo de Efectivo.<\/p>\n<ul>\n<li>Planeaci\u00f3n estrat\u00e9gica y de negocio<\/li>\n<\/ul>\n<p style=\"padding-left: 40px;\">o Fijar objetivos trimestrales, anuales y multianuales.<\/p>\n<p style=\"padding-left: 40px;\">o Revisi\u00f3n de expectativas (Rolling Forecasts)<\/p>\n<p style=\"padding-left: 40px;\">o L\u00edneas claves del Estado de resultados y Balance General: Ventas\/Costo de lo vendido\/Gastos; Cuentas por pagar y cobrar e inventarios.<\/p>\n<ul>\n<li>Toma de decisiones gerenciales en base a datos<\/li>\n<\/ul>\n<p style=\"padding-left: 40px;\">o An\u00e1lisis de tendencias de desempe\u00f1o<\/p>\n<p style=\"padding-left: 40px;\">o Definir Indicadores clave SMART y m\u00e9tricas de \u00e9xito<\/p>\n<p style=\"padding-left: 40px;\">o Evaluar las mejores decisiones de inversi\u00f3n (personal, equipo, efectivo)<\/p>\n<ul>\n<li>Acelerar los resultados del negocio<\/li>\n<\/ul>\n<p style=\"padding-left: 40px;\">o Incrementar la responsabilidad y pertenencia a lo largo de la organizaci\u00f3n<\/p>\n<p style=\"padding-left: 40px;\">o Encontrar la mezcla correcta: Clientes\/canales; producto; estrategia de precios, socios\/proveedores<\/p>\n<p style=\"padding-left: 40px;\">o Enfocar los recursos donde las oportunidades m\u00e1s grandes se encuentran<\/p>\n<p>As\u00ed es\u2026 Un gran nombre para un gran servicio. Estamos inspirados por el potencial que podemos liberar juntos a trav\u00e9s del poder de las estrategias financieras.<\/p>\n\n\n<p><\/p>\n","protected":false},"excerpt":{"rendered":"<p>As\u00ed que, \u00bfC\u00f3mo podemos ayudar a tu negocio? Nuestros principales servicios est\u00e1n enfocados en la base del crecimiento sustentable: Rentabilidad y Flujo de Efectivo. Planeaci\u00f3n estrat\u00e9gica y de negocio o Fijar objetivos trimestrales, anuales y multianuales. o Revisi\u00f3n de expectativas (Rolling Forecasts) o L\u00edneas claves del Estado de resultados y Balance General: Ventas\/Costo de lo &hellip; <\/p>\n<p class=\"link-more\"><a href=\"https:\/\/splara.com.mx\/?page_id=9\" class=\"more-link\">Continuar leyendo<span class=\"screen-reader-text\"> &#8220;\u00bfC\u00f3mo te ayudamos?&#8221;<\/span><\/a><\/p>\n","protected":false},"author":1,"featured_media":44,"parent":0,"menu_order":0,"comment_status":"closed","ping_status":"closed","template":"","meta":{"footnotes":""},"class_list":["post-9","page","type-page","status-publish","has-post-thumbnail","hentry"],"_links":{"self":[{"href":"https:\/\/splara.com.mx\/index.php?rest_route=\/wp\/v2\/pages\/9","targetHints":{"allow":["GET"]}}],"collection":[{"href":"https:\/\/splara.com.mx\/index.php?rest_route=\/wp\/v2\/pages"}],"about":[{"href":"https:\/\/splara.com.mx\/index.php?rest_route=\/wp\/v2\/types\/page"}],"author":[{"embeddable":true,"href":"https:\/\/splara.com.mx\/index.php?rest_route=\/wp\/v2\/users\/1"}],"replies":[{"embeddable":true,"href":"https:\/\/splara.com.mx\/index.php?rest_route=%2Fwp%2Fv2%2Fcomments&post=9"}],"version-history":[{"count":2,"href":"https:\/\/splara.com.mx\/index.php?rest_route=\/wp\/v2\/pages\/9\/revisions"}],"predecessor-version":[{"id":45,"href":"https:\/\/splara.com.mx\/index.php?rest_route=\/wp\/v2\/pages\/9\/revisions\/45"}],"wp:featuredmedia":[{"embeddable":true,"href":"https:\/\/splara.com.mx\/index.php?rest_route=\/wp\/v2\/media\/44"}],"wp:attachment":[{"href":"https:\/\/splara.com.mx\/index.php?rest_route=%2Fwp%2Fv2%2Fmedia&parent=9"}],"curies":[{"name":"wp","href":"https:\/\/api.w.org\/{rel}","templated":true}]}}